{"id":210,"date":"2025-04-13T11:13:44","date_gmt":"2025-04-13T11:13:44","guid":{"rendered":"https:\/\/belekvideotrade.pl\/?page_id=210"},"modified":"2026-01-31T09:49:53","modified_gmt":"2026-01-31T09:49:53","slug":"my-masters","status":"publish","type":"page","link":"http:\/\/belekvideotrade.pl\/index.php\/my-masters\/","title":{"rendered":"MY MASTERS"},"content":{"rendered":"\n<div style=\"height:28px\" aria-hidden=\"true\" class=\"wp-block-spacer\"><\/div>\n\n\n\n<p>Sony FDR-AX43A, 3840&#215;2160, 94 MB\/s, mp4, tripod.<\/p>\n\n\n\n<p class=\"has-text-color has-link-color wp-elements-f285a28a274775b1ecc9414d8f7b0e15\" style=\"color:#a82f2f\">These two recordings are good, but not very good. I use a wheelchair and I am unable to operate a video camera, so I set it up on a tripod. I had a seat right in front of the stage, and the frequent flashing blue light affected the quality of the recording.<\/p>\n\n\n\n<p>BEHEMOTH Hala Stulecia, Wroc\u0142aw, Poland 25-04-2025<br>SATYRICON Hala Stulecia, Wroc\u0142aw, Poland 25-04-2025<\/p>\n\n\n\n<div style=\"height:28px\" aria-hidden=\"true\" class=\"wp-block-spacer\"><\/div>\n\n\n\n<p>Sony HDR-XR 155E, quality: 1920&#215;1080, 16 Mb\/s or 24 Mb\/s, m2ts raw files, tripod.<\/p>\n\n\n\n<p>ATTACK OF RAGE Obscene Extreme Festival, Trutnov, Czech Republic 07-07-2011<br>BENEDICTION Obscene Extreme Festival, Trutnov, Czech Republic 07-07-2011<br>BLOODTHIRST Madness, Wroc\u0142aw, Poland 20-04-2012<br>BRUTAL TRUTH Obscene Extreme Festival, Trutnov, Czech Republic 09-07-2011<br>BUT Obscene Extreme Festival, Trutnov, Czech Republic 07-07-2011<br>DEUS MORTEM Katowice, Poland 05-09-2011<br>DOBYTCI MOR Obscene Extreme Festival, Trutnov, Czech Republic 07-07-2011<br>DROPDEAD Obscene Extreme Festival, Trutnov, Czech Republic 09-07-2011<br>ENTRAILS Obscene Extreme Festival, Trutnov, Czech Republic 08-07-2011<br>FEASTEM Obscene Extreme Festival, Trutnov, Czech Republic 07-07-2011<br>FLESHROT Obscene Extreme Festival, Trutnov, Czech Republic 08-07-2011<br>FURIA Madness, Wroc\u0142aw, Poland 20-04-2012<br>GRONIBARD Obscene Extreme Festival, Trutnov, Czech Republic 08-07-2011<br>GRUNT Obscene Extreme Festival, Trutnov, Czech Republic 09-07-2011<br>IDIOT CONVENTION Obscene Extreme Festival, Trutnov, Czech Republic 07-07-2011<br>IMPALED Obscene Extreme Festival, Trutnov, Czech Republic 08-07-2011<br>INFIDEL Madness, Wroc\u0142aw, Poland 20-04-2012<br>INHUMATE Obscene Extreme Festival, Trutnov, Czech Republic 09-07-2011<br>INTERMENT Obscene Extreme Festival, Trutnov, Czech Republic 08-07-2011<br>ISACAARUM Obscene Extreme Festival, Trutnov, Czech Republic 09-07-2011<br>LAST DAYS OF HUMANITY Obscene Extreme Festival, Trutnov, Czech Republic 08-07-2011<br>LE SCRAWL Obscene Extreme Festival, Trutnov, Czech Republic 09-07-2011<br>LOCK UP Obscene Extreme Festival, Trutnov, Czech Republic 09-07-2011<br>LOST SOUL Arkada, Katowice, Poland 16-04-2011<br>MAGRUDEGRIND Obscene Extreme Festival, Trutnov, Czech Republic 07-07-2011<br>MELANCHOLY PESSIMISM Obscene Extreme Festival, Trutnov, Czech Republic 09-07-2011<br>MINCING FURY Obscene Extreme Festival, Trutnov, Czech Republic 09-07-2011<br>MORD\u2019A\u2019STIGMATA Scena Gugalander, Katowice, Poland 02-03-2014<br>NOMAD Arkada, Katowice, Poland 16-04-2011<br>PANDEMIA Obscene Extreme Festival, Trutnov, Czech Republic 07-07-2011<br>PUTRID PILE Obscene Extreme Festival, Trutnov, Czech Republic 08-07-2011<br>ROTTED Obscene Extreme Festival, Trutnov, Czech Republic 09-07-2011<br>ROTTEN SOUND Obscene Extreme Festival, Trutnov, Czech Republic 08-07-2011<br>SAMMATH NAUR Arkada, Katowice, Poland 16-04-2011<br>SQUASH BOWELS Obscene Extreme Festival, Trutnov, Czech Republic 07-07-2011<br>THAW Scena Gugalander, Katowice, Poland 02-03-2014<br>VESANIA Arkada, Katowice, Poland 16-04-2011<br>ZUBROWSKA Obscene Extreme Festival, Trutnov, Czech Republic 09-07-2011<\/p>\n\n\n\n<div style=\"height:28px\" aria-hidden=\"true\" class=\"wp-block-spacer\"><\/div>\n\n\n\n<p><strong>Shows filmed with my video cam (Sony HDR-XR 155E<\/strong>)<strong> by my friend Necro<\/strong>. No tripod.<\/p>\n\n\n\n<p>ASPHYX Brutal Assault Festival, Jaromer, Czech Republic 06-08-2015 (incomplete)<br>BLOODBATH Brutal Assault Festival, Jaromer, Czech Republic 06-08-2015<br>CANDLEMASS Brutal Assault Festival, Jaromer, Czech Republic 07-08-2015<br>CANNIBAL CORPSE Brutal Assault Festival, Jaromer, Czech Republic 06-08-2015<br>DEAD CONGREGATION Brutal Assault Festival, Jaromer, Czech Republic 08-08-2015<br>DEATH TO ALL Brutal Assault Festival, Jaromer, Czech Republic 07-08-2015<br>HOLY MOSES Brutal Assault Festival, Jaromer, Czech Republic 13.08.2016<br>KREATOR Brutal Assault Festival, Jaromer, Czech Republic 06-08-2015 (incomplete)<br>MAYHEM Brutal Assault Festival, Jaromer, Czech Republic 05-08-2015<br>NUCLEAR ASSAULT Brutal Assault Festival, Jaromer, Czech Republic 05-08-2015<br>PROCESSION Brutal Assault Festival, Jaromer, Czech Republic 08-08-2015<br>SIGH Brutal Assault Festival, Jaromer, Czech Republic 12-08-2016<br>TOXIC HOLOCAUST Brutal Assault Festival, Jaromer, Czech Republic 07-08-2015<br>TRIPTYKON Brutal Assault Festival, Jaromer, Czech Republic 05-08-2015<\/p>\n\n\n\n<div style=\"height:28px\" aria-hidden=\"true\" class=\"wp-block-spacer\"><\/div>\n\n\n\n<p>SD shows (480p &amp; 360p). Tripod.<\/p>\n\n\n\n<p>ABUSED MAJESTY Gara\u017c Pub, Opole, Poland 27-02-2009<br>BESATT Gara\u017c Pub, Opole, Poland 23-01-2009<br>BESTIAR Metalowa Twierdza, Nysa, Poland 26-08-2006<br>BLAZE OF PERDITION K60, Opole, Poland 25-09-2009<br>BLOODTHIRST Gara\u017c Pub, Opole, Poland 17-10-2008<br>CRIONICS Madness, Wroc\u0142aw, Poland 20-04-2010<br>DEAD INFECTION Gara\u017c Pub, Opole, Poland 27-02-2009<br>DEMOGORGON (PL) K60, Opole, Poland 14-08-2009<br>EMBRIONAL Gara\u017c Pub, Opole, Poland 07-11-2008<br>HELL UNITED K60, Opole, Poland 25-09-2009<br>HELL-BORN Madness, Wroc\u0142aw, Poland 02-12-2006<br>HERMH Madness, Wroc\u0142aw, Poland 02-12-2006<br>INCARNATED Gara\u017c Pub, Opole, Poland 27-02-2009<br>KOMUTATOR Gara\u017c Pub, Opole, Poland 23-01-2009<br>LOST SOUL Madness, Wroc\u0142aw, Poland 20-04-2010<br>LUNA AD NOCTUM Gara\u017c Pub, Opole, Poland 07-11-2008<br>MASSEMORD K60, Opole, Poland 25-09-2009<br>MASSEMORD Wroc\u0142aw, Poland 09-09-2007<br>MOLOCH LETALIS Wroc\u0142aw, Poland 09-09-2007<br>MORD&#8217;A&#8217;STIGMATA K60, Opole, Poland 25-09-2009<br>NAUMACHIA Madness, Wroc\u0142aw, Poland 20-04-2010<br>ROTTING CHRIST Madness, Wroc\u0142aw, Poland 20-04-2010<br>SALACIOUS GODS Za\u015bcianek Club, Krak\u00f3w, Poland 06-04-2006<br>SHINING Za\u015bcianek Club, Krak\u00f3w, Poland 06-04-2006<br>STRANDHOGG Madness, Wroc\u0142aw, Poland 20-04-2010<br>SVART CROWN K60, Opole, Poland 25-09-2009<br>THUNDERBOLT Za\u015bcianek Club, Krak\u00f3w, Poland 06-04-2006<br>ULCER UTERUS Gara\u017c Pub, Opole, Poland 17-10-2008<br>URGEHAL Za\u015bcianek Club, Krak\u00f3w, Poland 06-04-2006<\/p>\n","protected":false},"excerpt":{"rendered":"<p>Sony FDR-AX43A, 3840&#215;2160, 94 MB\/s, mp4, tripod. These two recordings are good, but not very good. I use a wheelchair and I am unable to operate a video camera, so I set it up on a tripod. I had a seat right in front of the stage, and the frequent flashing blue light affected the [&hellip;]<\/p>\n","protected":false},"author":1,"featured_media":0,"parent":0,"menu_order":9,"comment_status":"closed","ping_status":"closed","template":"","meta":{"footnotes":""},"class_list":["post-210","page","type-page","status-publish","hentry"],"_links":{"self":[{"href":"http:\/\/belekvideotrade.pl\/index.php\/wp-json\/wp\/v2\/pages\/210","targetHints":{"allow":["GET"]}}],"collection":[{"href":"http:\/\/belekvideotrade.pl\/index.php\/wp-json\/wp\/v2\/pages"}],"about":[{"href":"http:\/\/belekvideotrade.pl\/index.php\/wp-json\/wp\/v2\/types\/page"}],"author":[{"embeddable":true,"href":"http:\/\/belekvideotrade.pl\/index.php\/wp-json\/wp\/v2\/users\/1"}],"replies":[{"embeddable":true,"href":"http:\/\/belekvideotrade.pl\/index.php\/wp-json\/wp\/v2\/comments?post=210"}],"version-history":[{"count":13,"href":"http:\/\/belekvideotrade.pl\/index.php\/wp-json\/wp\/v2\/pages\/210\/revisions"}],"predecessor-version":[{"id":600,"href":"http:\/\/belekvideotrade.pl\/index.php\/wp-json\/wp\/v2\/pages\/210\/revisions\/600"}],"wp:attachment":[{"href":"http:\/\/belekvideotrade.pl\/index.php\/wp-json\/wp\/v2\/media?parent=210"}],"curies":[{"name":"wp","href":"https:\/\/api.w.org\/{rel}","templated":true}]}}