{"id":37,"date":"2025-01-29T19:49:07","date_gmt":"2025-01-29T19:49:07","guid":{"rendered":"http:\/\/belekvideotrade.pl\/?page_id=37"},"modified":"2026-03-23T19:18:49","modified_gmt":"2026-03-23T19:18:49","slug":"updates","status":"publish","type":"page","link":"http:\/\/belekvideotrade.pl\/index.php\/updates\/","title":{"rendered":"UPDATES"},"content":{"rendered":"\n<p class=\"has-text-color has-link-color wp-elements-d958fbe82c5a52bcc394f79b3330e25c\" style=\"color:#4d853f\"><\/p>\n\n\n\n<div style=\"height:28px\" aria-hidden=\"true\" class=\"wp-block-spacer\"><\/div>\n\n\n\n<p>2026<\/p>\n\n\n\n<p>4K:<\/p>\n\n\n\n<p>ASSASSIN Setembro Negro Festival, Carioca Club, SP, Brazil 10-09-2023<\/p>\n\n\n\n<p>BLOOD RED THRONE Pumpehuset, Copenhagen, Denmark 19-03-2026<\/p>\n\n\n\n<p>CANNIBAL CORPSE Amager Bio, Copenhagen, Denmark 03-10-2024<\/p>\n\n\n\n<p>CRYPTA Harlow&#8217;s Restaurant &amp; Nightclub, Sacramento, CA, USA 26-09-2025<\/p>\n\n\n\n<p>DEMONICAL Setembro Negro Festival, Carioca Club, SP, Brazil 10-09-2023<\/p>\n\n\n\n<p>GRAVE Plan B, Malm\u00f6, Sweden 20-12-2025<\/p>\n\n\n\n<p>KATAKLYSM Pumpehuset, Copenhagen, Denmark 19-03-2026<\/p>\n\n\n\n<p>NECROPHOBIC The Crypt, Link\u00f6ping, Sweden 06-11-2021<\/p>\n\n\n\n<p>NILE Brutal Assault Festival, Josefov, Czech Republic 11-08-2023<\/p>\n\n\n\n<p>PENTAGRAM Tyrolen, Bl\u00e4dinge, Sweden 31-05-2025<\/p>\n\n\n\n<p>VADER Pumpehuset, Copenhagen, Denmark 19-03-2026<\/p>\n\n\n\n<div style=\"height:28px\" aria-hidden=\"true\" class=\"wp-block-spacer\"><\/div>\n\n\n\n<p>FULL HD:<\/p>\n\n\n\n<p>BEYOND THE BLACK Barba Negra Blue Stage, Budapest, Hungary 22-01-2026<\/p>\n\n\n\n<p>CRADLE OF FILTH A2, Moscow, Russia 30-04-2011<\/p>\n\n\n\n<p>CRADLE OF FILTH Ray Just Arena, Moscow, Russia 12-10-2014<\/p>\n\n\n\n<p>CRYPTA Harlow&#8217;s Restaurant &amp; Nightclub, Sacramento, CA, USA 27-02-2024<\/p>\n\n\n\n<p>FINNTROLL Club Opera, St.Peterburg, Russia 26-11-2017<\/p>\n\n\n\n<p>HORNA Rock House, Moscow, Russia 11-05-2019<\/p>\n\n\n\n<p>KZOHH Via Sinistra III, Kharkiv, Ukraine 06-12-2015<\/p>\n\n\n\n<p>MORBID D\u00fcrer Kert, Budapest, Hungary 13-03-2026<\/p>\n\n\n\n<p>OWLS WOODS GRAVES D\u00fcrer Kert, Budapest, Hungary 13-03-2026<\/p>\n\n\n\n<p>SATYRICON Volta Club, Moscow, Russia 04-10-2013<\/p>\n\n\n\n<p>TORMENTOR D\u00fcrer Kert, Budapest, Hungary 13-03-2026<\/p>\n\n\n\n<div style=\"height:28px\" aria-hidden=\"true\" class=\"wp-block-spacer\"><\/div>\n\n\n\n<p>BLU-RAY:<\/p>\n\n\n\n<p>MACHINE HEAD Mav El\u0151re p\u00e1lya &#8211; FEZEN Fesztiv\u00e1l, Sz\u00e9kesfeh\u00e9rv\u00e1r, Hungary 02-08-2012 (2 cam mix)<\/p>\n\n\n\n<p>NILE Brutal Assault Festival, Josefov, Czech Republic 10-08-2017<\/p>\n\n\n\n<div style=\"height:28px\" aria-hidden=\"true\" class=\"wp-block-spacer\"><\/div>\n\n\n\n<p><\/p>\n","protected":false},"excerpt":{"rendered":"<p>2026 4K: ASSASSIN Setembro Negro Festival, Carioca Club, SP, Brazil 10-09-2023 BLOOD RED THRONE Pumpehuset, Copenhagen, Denmark 19-03-2026 CANNIBAL CORPSE Amager Bio, Copenhagen, Denmark 03-10-2024 CRYPTA Harlow&#8217;s Restaurant &amp; Nightclub, Sacramento, CA, USA 26-09-2025 DEMONICAL Setembro Negro Festival, Carioca Club, SP, Brazil 10-09-2023 GRAVE Plan B, Malm\u00f6, Sweden 20-12-2025 KATAKLYSM Pumpehuset, Copenhagen, Denmark 19-03-2026 NECROPHOBIC [&hellip;]<\/p>\n","protected":false},"author":1,"featured_media":0,"parent":0,"menu_order":8,"comment_status":"closed","ping_status":"closed","template":"","meta":{"footnotes":""},"class_list":["post-37","page","type-page","status-publish","hentry"],"_links":{"self":[{"href":"http:\/\/belekvideotrade.pl\/index.php\/wp-json\/wp\/v2\/pages\/37","targetHints":{"allow":["GET"]}}],"collection":[{"href":"http:\/\/belekvideotrade.pl\/index.php\/wp-json\/wp\/v2\/pages"}],"about":[{"href":"http:\/\/belekvideotrade.pl\/index.php\/wp-json\/wp\/v2\/types\/page"}],"author":[{"embeddable":true,"href":"http:\/\/belekvideotrade.pl\/index.php\/wp-json\/wp\/v2\/users\/1"}],"replies":[{"embeddable":true,"href":"http:\/\/belekvideotrade.pl\/index.php\/wp-json\/wp\/v2\/comments?post=37"}],"version-history":[{"count":104,"href":"http:\/\/belekvideotrade.pl\/index.php\/wp-json\/wp\/v2\/pages\/37\/revisions"}],"predecessor-version":[{"id":653,"href":"http:\/\/belekvideotrade.pl\/index.php\/wp-json\/wp\/v2\/pages\/37\/revisions\/653"}],"wp:attachment":[{"href":"http:\/\/belekvideotrade.pl\/index.php\/wp-json\/wp\/v2\/media?parent=37"}],"curies":[{"name":"wp","href":"https:\/\/api.w.org\/{rel}","templated":true}]}}